{"id":6407,"date":"2023-10-12T10:05:04","date_gmt":"2023-10-12T08:05:04","guid":{"rendered":"https:\/\/www.e-braun.de\/?page_id=6407"},"modified":"2023-10-16T14:29:11","modified_gmt":"2023-10-16T12:29:11","slug":"pruefgeraete","status":"publish","type":"page","link":"https:\/\/www.e-braun.de\/en\/pruefgeraete\/","title":{"rendered":"Pr\u00fcfger\u00e4te"},"content":{"rendered":"\t\t<div data-elementor-type=\"wp-page\" data-elementor-id=\"6407\" class=\"elementor elementor-6407\" data-elementor-post-type=\"page\">\n\t\t\t\t\t\t<section class=\"elementor-section elementor-top-section elementor-element elementor-element-5fa470a elementor-section-full_width elementor-section-height-default elementor-section-height-default\" data-id=\"5fa470a\" data-element_type=\"section\" data-e-type=\"section\">\n\t\t\t\t\t\t<div class=\"elementor-container elementor-column-gap-default\">\n\t\t\t\t\t<div class=\"elementor-column elementor-col-50 elementor-top-column elementor-element elementor-element-5b69aaa\" data-id=\"5b69aaa\" data-element_type=\"column\" data-e-type=\"column\">\n\t\t\t<div class=\"elementor-widget-wrap elementor-element-populated\">\n\t\t\t\t\t\t<div class=\"elementor-element elementor-element-c2845c6 elementor-widget__width-initial elementor-widget elementor-widget-heading\" data-id=\"c2845c6\" data-element_type=\"widget\" data-e-type=\"widget\" data-widget_type=\"heading.default\">\n\t\t\t\t<div class=\"elementor-widget-container\">\n\t\t\t\t\t<h1 class=\"elementor-heading-title elementor-size-default\">Werkzeug-<br>Pr\u00fcfger\u00e4t<\/h1>\t\t\t\t<\/div>\n\t\t\t\t<\/div>\n\t\t\t\t<div class=\"elementor-element elementor-element-99f973e elementor-widget elementor-widget-text-editor\" data-id=\"99f973e\" data-element_type=\"widget\" data-e-type=\"widget\" data-widget_type=\"text-editor.default\">\n\t\t\t\t<div class=\"elementor-widget-container\">\n\t\t\t\t\t\t\t\t\tWerkzeugqualit\u00e4t erhalten und pr\u00fcfen.\n<br><br>\n\nKorrosion gibt es nicht nur w\u00e4hrend der Serienfertigung sondern auch bei der Lagerung der Werkzeuge &#8211; entscheidend ist das verbleibende Wasser im Temperiersystem.\n<br><br>\n\nDie E. Braun GmbH kann ihr mobiles Werkzeug-Pr\u00fcfger\u00e4t zus\u00e4tzlich mit einer Trocknungstechnik ausstatten.\n<br><br>\n\nEine kundenspezifische Anpassung der Ger\u00e4tetechnik an interne Pr\u00fcfprozesse ist m\u00f6glich.\t\t\t\t\t\t\t\t<\/div>\n\t\t\t\t<\/div>\n\t\t\t\t\t<\/div>\n\t\t<\/div>\n\t\t\t\t<div class=\"elementor-column elementor-col-50 elementor-top-column elementor-element elementor-element-5a24598\" data-id=\"5a24598\" data-element_type=\"column\" data-e-type=\"column\">\n\t\t\t<div class=\"elementor-widget-wrap elementor-element-populated\">\n\t\t\t\t\t\t<section class=\"elementor-section elementor-inner-section elementor-element elementor-element-7957dc3 elementor-hidden-phone elementor-section-boxed elementor-section-height-default elementor-section-height-default\" data-id=\"7957dc3\" data-element_type=\"section\" data-e-type=\"section\">\n\t\t\t\t\t\t<div class=\"elementor-container elementor-column-gap-default\">\n\t\t\t\t\t<div class=\"elementor-column elementor-col-100 elementor-inner-column elementor-element elementor-element-e0733cd\" data-id=\"e0733cd\" data-element_type=\"column\" data-e-type=\"column\" data-settings=\"{&quot;motion_fx_motion_fx_scrolling&quot;:&quot;yes&quot;,&quot;motion_fx_translateX_effect&quot;:&quot;yes&quot;,&quot;motion_fx_translateX_speed&quot;:{&quot;unit&quot;:&quot;px&quot;,&quot;size&quot;:1,&quot;sizes&quot;:[]},&quot;motion_fx_translateX_affectedRange&quot;:{&quot;unit&quot;:&quot;%&quot;,&quot;size&quot;:&quot;&quot;,&quot;sizes&quot;:{&quot;start&quot;:50,&quot;end&quot;:100}},&quot;motion_fx_devices&quot;:[&quot;desktop&quot;]}\">\n\t\t\t<div class=\"elementor-widget-wrap elementor-element-populated\">\n\t\t\t\t\t\t<div class=\"elementor-element elementor-element-ca94dca elementor-widget elementor-widget-image\" data-id=\"ca94dca\" data-element_type=\"widget\" data-e-type=\"widget\" data-widget_type=\"image.default\">\n\t\t\t\t<div class=\"elementor-widget-container\">\n\t\t\t\t\t\t\t\t\t\t\t\t\t\t\t<img fetchpriority=\"high\" decoding=\"async\" width=\"960\" height=\"450\" src=\"https:\/\/www.e-braun.de\/wp-content\/uploads\/2023\/10\/werkzeug-pruefgeraet_header.jpg\" class=\"attachment-full size-full wp-image-6433\" alt=\"\" srcset=\"https:\/\/www.e-braun.de\/wp-content\/uploads\/2023\/10\/werkzeug-pruefgeraet_header.jpg 960w, https:\/\/www.e-braun.de\/wp-content\/uploads\/2023\/10\/werkzeug-pruefgeraet_header-300x141.jpg 300w, https:\/\/www.e-braun.de\/wp-content\/uploads\/2023\/10\/werkzeug-pruefgeraet_header-768x360.jpg 768w, https:\/\/www.e-braun.de\/wp-content\/uploads\/2023\/10\/werkzeug-pruefgeraet_header-18x8.jpg 18w\" sizes=\"(max-width: 960px) 100vw, 960px\" \/>\t\t\t\t\t\t\t\t\t\t\t\t\t\t\t<\/div>\n\t\t\t\t<\/div>\n\t\t\t\t\t<\/div>\n\t\t<\/div>\n\t\t\t\t\t<\/div>\n\t\t<\/section>\n\t\t\t\t<section class=\"elementor-section elementor-inner-section elementor-element elementor-element-ea013aa elementor-section-boxed elementor-section-height-default elementor-section-height-default\" data-id=\"ea013aa\" data-element_type=\"section\" data-e-type=\"section\">\n\t\t\t\t\t\t<div class=\"elementor-container elementor-column-gap-default\">\n\t\t\t\t\t<div class=\"elementor-column elementor-col-100 elementor-inner-column elementor-element elementor-element-cd71211\" data-id=\"cd71211\" data-element_type=\"column\" data-e-type=\"column\">\n\t\t\t<div class=\"elementor-widget-wrap elementor-element-populated\">\n\t\t\t\t\t\t<div class=\"elementor-element elementor-element-37bcba9 elementor-widget elementor-widget-heading\" data-id=\"37bcba9\" data-element_type=\"widget\" data-e-type=\"widget\" data-widget_type=\"heading.default\">\n\t\t\t\t<div class=\"elementor-widget-container\">\n\t\t\t\t\t<h2 class=\"elementor-heading-title elementor-size-default\">Highlights<\/h2>\t\t\t\t<\/div>\n\t\t\t\t<\/div>\n\t\t\t\t<div class=\"elementor-element elementor-element-0c5a5de elementor-widget elementor-widget-text-editor\" data-id=\"0c5a5de\" data-element_type=\"widget\" data-e-type=\"widget\" data-widget_type=\"text-editor.default\">\n\t\t\t\t<div class=\"elementor-widget-container\">\n\t\t\t\t\t\t\t\t\t<ul>\n<li>Leistungsstarke Peripheralrad-Pumpe<\/li>\n<li>Vollautomaischer Pr\u00fcfablauf<\/li> \t<li>Ber\u00fchrungslose Messung des Durchflusses<\/li>\n<li>Messung der Vor- und R\u00fccklaufdr\u00fccke<\/li>\n<li>Dichtigkeits-Druckpr\u00fcfung bis 10 bar<\/li>\n<li>Trocknung \u00fcber beheizte Druckluft (integrierter Verdichter optional)<\/li>\n<li>Ankopplung an zentrales Leitsystem<\/li>\n<li>Erkennung von Abweichungen durch vergleich historischer Daten<\/li>\n<li>Datenarchivierung \u2013 Werkzeugstammdaten und Historie<\/li>\n<\/ul>\t\t\t\t\t\t\t\t<\/div>\n\t\t\t\t<\/div>\n\t\t\t\t\t<\/div>\n\t\t<\/div>\n\t\t\t\t\t<\/div>\n\t\t<\/section>\n\t\t\t\t\t<\/div>\n\t\t<\/div>\n\t\t\t\t\t<\/div>\n\t\t<\/section>\n\t\t\t\t<\/div>\n\t\t","protected":false},"excerpt":{"rendered":"<p>Werkzeug-Pr\u00fcfger\u00e4t Werkzeugqualit\u00e4t erhalten und pr\u00fcfen. Korrosion gibt es nicht nur w\u00e4hrend der Serienfertigung sondern auch bei der Lagerung der Werkzeuge &#8211; entscheidend ist das verbleibende Wasser im Temperiersystem. Die E. Braun GmbH kann ihr mobiles Werkzeug-Pr\u00fcfger\u00e4t zus\u00e4tzlich mit einer Trocknungstechnik ausstatten. Eine kundenspezifische Anpassung der Ger\u00e4tetechnik an interne Pr\u00fcfprozesse ist m\u00f6glich. Highlights Leistungsstarke Peripheralrad-Pumpe Vollautomaischer [&hellip;]<\/p>\n","protected":false},"author":1,"featured_media":6433,"parent":0,"menu_order":3,"comment_status":"closed","ping_status":"closed","template":"elementor_header_footer","meta":{"footnotes":""},"class_list":["post-6407","page","type-page","status-publish","has-post-thumbnail","hentry"],"yoast_head":"<!-- This site is optimized with the Yoast SEO plugin v27.4 - https:\/\/yoast.com\/product\/yoast-seo-wordpress\/ -->\n<title>Pr\u00fcfger\u00e4te - E. Braun GmbH<\/title>\n<meta name=\"robots\" content=\"index, follow, max-snippet:-1, max-image-preview:large, max-video-preview:-1\" \/>\n<link rel=\"canonical\" href=\"https:\/\/www.e-braun.de\/en\/pruefgeraete\/\" \/>\n<meta property=\"og:locale\" content=\"en_US\" \/>\n<meta property=\"og:type\" content=\"article\" \/>\n<meta property=\"og:title\" content=\"Pr\u00fcfger\u00e4te - E. Braun GmbH\" \/>\n<meta property=\"og:description\" content=\"Werkzeug-Pr\u00fcfger\u00e4t Werkzeugqualit\u00e4t erhalten und pr\u00fcfen. Korrosion gibt es nicht nur w\u00e4hrend der Serienfertigung sondern auch bei der Lagerung der Werkzeuge &#8211; entscheidend ist das verbleibende Wasser im Temperiersystem. Die E. Braun GmbH kann ihr mobiles Werkzeug-Pr\u00fcfger\u00e4t zus\u00e4tzlich mit einer Trocknungstechnik ausstatten. Eine kundenspezifische Anpassung der Ger\u00e4tetechnik an interne Pr\u00fcfprozesse ist m\u00f6glich. Highlights Leistungsstarke Peripheralrad-Pumpe Vollautomaischer [&hellip;]\" \/>\n<meta property=\"og:url\" content=\"https:\/\/www.e-braun.de\/en\/pruefgeraete\/\" \/>\n<meta property=\"og:site_name\" content=\"E. Braun GmbH\" \/>\n<meta property=\"article:modified_time\" content=\"2023-10-16T12:29:11+00:00\" \/>\n<meta property=\"og:image\" content=\"https:\/\/www.e-braun.de\/wp-content\/uploads\/2023\/10\/werkzeug-pruefgeraet_header.jpg\" \/>\n\t<meta property=\"og:image:width\" content=\"960\" \/>\n\t<meta property=\"og:image:height\" content=\"450\" \/>\n\t<meta property=\"og:image:type\" content=\"image\/jpeg\" \/>\n<meta name=\"twitter:card\" content=\"summary_large_image\" \/>\n<meta name=\"twitter:label1\" content=\"Est. reading time\" \/>\n\t<meta name=\"twitter:data1\" content=\"1 minute\" \/>\n<script type=\"application\/ld+json\" class=\"yoast-schema-graph\">{\"@context\":\"https:\\\/\\\/schema.org\",\"@graph\":[{\"@type\":\"WebPage\",\"@id\":\"https:\\\/\\\/www.e-braun.de\\\/pruefgeraete\\\/\",\"url\":\"https:\\\/\\\/www.e-braun.de\\\/pruefgeraete\\\/\",\"name\":\"Pr\u00fcfger\u00e4te - E. Braun GmbH\",\"isPartOf\":{\"@id\":\"https:\\\/\\\/www.e-braun.de\\\/#website\"},\"primaryImageOfPage\":{\"@id\":\"https:\\\/\\\/www.e-braun.de\\\/pruefgeraete\\\/#primaryimage\"},\"image\":{\"@id\":\"https:\\\/\\\/www.e-braun.de\\\/pruefgeraete\\\/#primaryimage\"},\"thumbnailUrl\":\"https:\\\/\\\/www.e-braun.de\\\/wp-content\\\/uploads\\\/2023\\\/10\\\/werkzeug-pruefgeraet_header.jpg\",\"datePublished\":\"2023-10-12T08:05:04+00:00\",\"dateModified\":\"2023-10-16T12:29:11+00:00\",\"breadcrumb\":{\"@id\":\"https:\\\/\\\/www.e-braun.de\\\/pruefgeraete\\\/#breadcrumb\"},\"inLanguage\":\"en-US\",\"potentialAction\":[{\"@type\":\"ReadAction\",\"target\":[\"https:\\\/\\\/www.e-braun.de\\\/pruefgeraete\\\/\"]}]},{\"@type\":\"ImageObject\",\"inLanguage\":\"en-US\",\"@id\":\"https:\\\/\\\/www.e-braun.de\\\/pruefgeraete\\\/#primaryimage\",\"url\":\"https:\\\/\\\/www.e-braun.de\\\/wp-content\\\/uploads\\\/2023\\\/10\\\/werkzeug-pruefgeraet_header.jpg\",\"contentUrl\":\"https:\\\/\\\/www.e-braun.de\\\/wp-content\\\/uploads\\\/2023\\\/10\\\/werkzeug-pruefgeraet_header.jpg\",\"width\":960,\"height\":450},{\"@type\":\"BreadcrumbList\",\"@id\":\"https:\\\/\\\/www.e-braun.de\\\/pruefgeraete\\\/#breadcrumb\",\"itemListElement\":[{\"@type\":\"ListItem\",\"position\":1,\"name\":\"Startseite\",\"item\":\"https:\\\/\\\/www.e-braun.de\\\/\"},{\"@type\":\"ListItem\",\"position\":2,\"name\":\"Pr\u00fcfger\u00e4te\"}]},{\"@type\":\"WebSite\",\"@id\":\"https:\\\/\\\/www.e-braun.de\\\/#website\",\"url\":\"https:\\\/\\\/www.e-braun.de\\\/\",\"name\":\"E. Braun GmbH\",\"description\":\"Entwicklung und Vertrieb von technischem Zubeh\u00f6r\",\"potentialAction\":[{\"@type\":\"SearchAction\",\"target\":{\"@type\":\"EntryPoint\",\"urlTemplate\":\"https:\\\/\\\/www.e-braun.de\\\/?s={search_term_string}\"},\"query-input\":{\"@type\":\"PropertyValueSpecification\",\"valueRequired\":true,\"valueName\":\"search_term_string\"}}],\"inLanguage\":\"en-US\"}]}<\/script>\n<!-- \/ Yoast SEO plugin. -->","yoast_head_json":{"title":"Pr\u00fcfger\u00e4te - E. Braun GmbH","robots":{"index":"index","follow":"follow","max-snippet":"max-snippet:-1","max-image-preview":"max-image-preview:large","max-video-preview":"max-video-preview:-1"},"canonical":"https:\/\/www.e-braun.de\/en\/pruefgeraete\/","og_locale":"en_US","og_type":"article","og_title":"Pr\u00fcfger\u00e4te - E. Braun GmbH","og_description":"Werkzeug-Pr\u00fcfger\u00e4t Werkzeugqualit\u00e4t erhalten und pr\u00fcfen. Korrosion gibt es nicht nur w\u00e4hrend der Serienfertigung sondern auch bei der Lagerung der Werkzeuge &#8211; entscheidend ist das verbleibende Wasser im Temperiersystem. Die E. Braun GmbH kann ihr mobiles Werkzeug-Pr\u00fcfger\u00e4t zus\u00e4tzlich mit einer Trocknungstechnik ausstatten. Eine kundenspezifische Anpassung der Ger\u00e4tetechnik an interne Pr\u00fcfprozesse ist m\u00f6glich. Highlights Leistungsstarke Peripheralrad-Pumpe Vollautomaischer [&hellip;]","og_url":"https:\/\/www.e-braun.de\/en\/pruefgeraete\/","og_site_name":"E. Braun GmbH","article_modified_time":"2023-10-16T12:29:11+00:00","og_image":[{"width":960,"height":450,"url":"https:\/\/www.e-braun.de\/wp-content\/uploads\/2023\/10\/werkzeug-pruefgeraet_header.jpg","type":"image\/jpeg"}],"twitter_card":"summary_large_image","twitter_misc":{"Est. reading time":"1 minute"},"schema":{"@context":"https:\/\/schema.org","@graph":[{"@type":"WebPage","@id":"https:\/\/www.e-braun.de\/pruefgeraete\/","url":"https:\/\/www.e-braun.de\/pruefgeraete\/","name":"Pr\u00fcfger\u00e4te - E. Braun GmbH","isPartOf":{"@id":"https:\/\/www.e-braun.de\/#website"},"primaryImageOfPage":{"@id":"https:\/\/www.e-braun.de\/pruefgeraete\/#primaryimage"},"image":{"@id":"https:\/\/www.e-braun.de\/pruefgeraete\/#primaryimage"},"thumbnailUrl":"https:\/\/www.e-braun.de\/wp-content\/uploads\/2023\/10\/werkzeug-pruefgeraet_header.jpg","datePublished":"2023-10-12T08:05:04+00:00","dateModified":"2023-10-16T12:29:11+00:00","breadcrumb":{"@id":"https:\/\/www.e-braun.de\/pruefgeraete\/#breadcrumb"},"inLanguage":"en-US","potentialAction":[{"@type":"ReadAction","target":["https:\/\/www.e-braun.de\/pruefgeraete\/"]}]},{"@type":"ImageObject","inLanguage":"en-US","@id":"https:\/\/www.e-braun.de\/pruefgeraete\/#primaryimage","url":"https:\/\/www.e-braun.de\/wp-content\/uploads\/2023\/10\/werkzeug-pruefgeraet_header.jpg","contentUrl":"https:\/\/www.e-braun.de\/wp-content\/uploads\/2023\/10\/werkzeug-pruefgeraet_header.jpg","width":960,"height":450},{"@type":"BreadcrumbList","@id":"https:\/\/www.e-braun.de\/pruefgeraete\/#breadcrumb","itemListElement":[{"@type":"ListItem","position":1,"name":"Startseite","item":"https:\/\/www.e-braun.de\/"},{"@type":"ListItem","position":2,"name":"Pr\u00fcfger\u00e4te"}]},{"@type":"WebSite","@id":"https:\/\/www.e-braun.de\/#website","url":"https:\/\/www.e-braun.de\/","name":"E. Braun GmbH","description":"Entwicklung und Vertrieb von technischem Zubeh\u00f6r","potentialAction":[{"@type":"SearchAction","target":{"@type":"EntryPoint","urlTemplate":"https:\/\/www.e-braun.de\/?s={search_term_string}"},"query-input":{"@type":"PropertyValueSpecification","valueRequired":true,"valueName":"search_term_string"}}],"inLanguage":"en-US"}]}},"_links":{"self":[{"href":"https:\/\/www.e-braun.de\/en\/wp-json\/wp\/v2\/pages\/6407","targetHints":{"allow":["GET"]}}],"collection":[{"href":"https:\/\/www.e-braun.de\/en\/wp-json\/wp\/v2\/pages"}],"about":[{"href":"https:\/\/www.e-braun.de\/en\/wp-json\/wp\/v2\/types\/page"}],"author":[{"embeddable":true,"href":"https:\/\/www.e-braun.de\/en\/wp-json\/wp\/v2\/users\/1"}],"replies":[{"embeddable":true,"href":"https:\/\/www.e-braun.de\/en\/wp-json\/wp\/v2\/comments?post=6407"}],"version-history":[{"count":47,"href":"https:\/\/www.e-braun.de\/en\/wp-json\/wp\/v2\/pages\/6407\/revisions"}],"predecessor-version":[{"id":6472,"href":"https:\/\/www.e-braun.de\/en\/wp-json\/wp\/v2\/pages\/6407\/revisions\/6472"}],"wp:featuredmedia":[{"embeddable":true,"href":"https:\/\/www.e-braun.de\/en\/wp-json\/wp\/v2\/media\/6433"}],"wp:attachment":[{"href":"https:\/\/www.e-braun.de\/en\/wp-json\/wp\/v2\/media?parent=6407"}],"curies":[{"name":"wp","href":"https:\/\/api.w.org\/{rel}","templated":true}]}}