{"id":1663,"date":"2021-04-27T19:17:42","date_gmt":"2021-04-27T17:17:42","guid":{"rendered":"https:\/\/www.e-braun.de\/?page_id=1663"},"modified":"2021-06-22T19:04:57","modified_gmt":"2021-06-22T17:04:57","slug":"zubehoer","status":"publish","type":"page","link":"https:\/\/www.e-braun.de\/en\/zubehoer\/","title":{"rendered":"Accessories"},"content":{"rendered":"<div data-elementor-type=\"wp-page\" data-elementor-id=\"1663\" class=\"elementor elementor-1663\" data-elementor-post-type=\"page\">\n\t\t\t\t\t\t<section class=\"elementor-section elementor-top-section elementor-element elementor-element-f8d68c6 elementor-section-boxed elementor-section-height-default elementor-section-height-default\" data-id=\"f8d68c6\" data-element_type=\"section\" data-e-type=\"section\">\n\t\t\t\t\t\t<div class=\"elementor-container elementor-column-gap-default\">\n\t\t\t\t\t<div class=\"elementor-column elementor-col-50 elementor-top-column elementor-element elementor-element-9524a97\" data-id=\"9524a97\" data-element_type=\"column\" data-e-type=\"column\">\n\t\t\t<div class=\"elementor-widget-wrap elementor-element-populated\">\n\t\t\t\t\t\t<div class=\"elementor-element elementor-element-d1c7298 elementor-widget elementor-widget-heading\" data-id=\"d1c7298\" data-element_type=\"widget\" data-e-type=\"widget\" data-widget_type=\"heading.default\">\n\t\t\t\t<div class=\"elementor-widget-container\">\n\t\t\t\t\t<h1 class=\"elementor-heading-title elementor-size-default\">Accessories<\/h1>\t\t\t\t<\/div>\n\t\t\t\t<\/div>\n\t\t\t\t<div class=\"elementor-element elementor-element-7d18d25 elementor-widget elementor-widget-text-editor\" data-id=\"7d18d25\" data-element_type=\"widget\" data-e-type=\"widget\" data-widget_type=\"text-editor.default\">\n\t\t\t\t<div class=\"elementor-widget-container\">\n\t\t\t\t\t\t\t\t\t<p>In addition to temperature control technology, we also offer a wide range of accessories for temperature control, cooling and mould.<\/p><p>We supply compact flowmeter and test devices from our standard range as well as special solutions tailored to your requirements.<\/p>\t\t\t\t\t\t\t\t<\/div>\n\t\t\t\t<\/div>\n\t\t\t\t\t<\/div>\n\t\t<\/div>\n\t\t\t\t<div class=\"elementor-column elementor-col-50 elementor-top-column elementor-element elementor-element-81731b8\" data-id=\"81731b8\" data-element_type=\"column\" data-e-type=\"column\">\n\t\t\t<div class=\"elementor-widget-wrap\">\n\t\t\t\t\t\t\t<\/div>\n\t\t<\/div>\n\t\t\t\t\t<\/div>\n\t\t<\/section>\n\t\t\t\t<section class=\"elementor-section elementor-top-section elementor-element elementor-element-d22d7c5 elementor-section-boxed elementor-section-height-default elementor-section-height-default\" data-id=\"d22d7c5\" data-element_type=\"section\" data-e-type=\"section\">\n\t\t\t\t\t\t<div class=\"elementor-container elementor-column-gap-default\">\n\t\t\t\t\t<div class=\"elementor-column elementor-col-33 elementor-top-column elementor-element elementor-element-156d423\" data-id=\"156d423\" data-element_type=\"column\" data-e-type=\"column\">\n\t\t\t<div class=\"elementor-widget-wrap elementor-element-populated\">\n\t\t\t\t\t\t<div class=\"elementor-element elementor-element-14063d7 elementor-widget elementor-widget-image\" data-id=\"14063d7\" data-element_type=\"widget\" data-e-type=\"widget\" data-widget_type=\"image.default\">\n\t\t\t\t<div class=\"elementor-widget-container\">\n\t\t\t\t\t\t\t\t\t\t\t\t\t\t\t<img decoding=\"async\" width=\"200\" height=\"154\" src=\"https:\/\/www.e-braun.de\/wp-content\/uploads\/2021\/06\/durchflussmesssystem.jpg\" class=\"attachment-large size-large wp-image-3125\" alt=\"\" srcset=\"https:\/\/www.e-braun.de\/wp-content\/uploads\/2021\/06\/durchflussmesssystem.jpg 200w, https:\/\/www.e-braun.de\/wp-content\/uploads\/2021\/06\/durchflussmesssystem-16x12.jpg 16w\" sizes=\"(max-width: 200px) 100vw, 200px\" \/>\t\t\t\t\t\t\t\t\t\t\t\t\t\t\t<\/div>\n\t\t\t\t<\/div>\n\t\t\t\t\t<\/div>\n\t\t<\/div>\n\t\t\t\t<div class=\"elementor-column elementor-col-66 elementor-top-column elementor-element elementor-element-b8da96f\" data-id=\"b8da96f\" data-element_type=\"column\" data-e-type=\"column\">\n\t\t\t<div class=\"elementor-widget-wrap elementor-element-populated\">\n\t\t\t\t\t\t<div class=\"elementor-element elementor-element-508337f elementor-widget elementor-widget-heading\" data-id=\"508337f\" data-element_type=\"widget\" data-e-type=\"widget\" data-widget_type=\"heading.default\">\n\t\t\t\t<div class=\"elementor-widget-container\">\n\t\t\t\t\t<h2 class=\"elementor-heading-title elementor-size-default\">Flowmeter system<\/h2>\t\t\t\t<\/div>\n\t\t\t\t<\/div>\n\t\t\t\t<div class=\"elementor-element elementor-element-539a0c2 elementor-widget elementor-widget-text-editor\" data-id=\"539a0c2\" data-element_type=\"widget\" data-e-type=\"widget\" data-widget_type=\"text-editor.default\">\n\t\t\t\t<div class=\"elementor-widget-container\">\n\t\t\t\t\t\t\t\t\t<ul><li>Monitoring of the flow rate and pressure drop at the mould<\/li><li>Display of flow and return temperature<\/li><li>Display of flow and return pressure<\/li><li>Display of the current flow rate<\/li><li>Alarm light if the flow rate falls below a freely definable minimum flow rate<\/li><\/ul>\t\t\t\t\t\t\t\t<\/div>\n\t\t\t\t<\/div>\n\t\t\t\t\t<\/div>\n\t\t<\/div>\n\t\t\t\t\t<\/div>\n\t\t<\/section>\n\t\t\t\t<section class=\"elementor-section elementor-top-section elementor-element elementor-element-da5d031 elementor-section-boxed elementor-section-height-default elementor-section-height-default\" data-id=\"da5d031\" data-element_type=\"section\" data-e-type=\"section\">\n\t\t\t\t\t\t<div class=\"elementor-container elementor-column-gap-default\">\n\t\t\t\t\t<div class=\"elementor-column elementor-col-100 elementor-top-column elementor-element elementor-element-f3a1084\" data-id=\"f3a1084\" data-element_type=\"column\" data-e-type=\"column\">\n\t\t\t<div class=\"elementor-widget-wrap elementor-element-populated\">\n\t\t\t\t\t\t<div class=\"elementor-element elementor-element-5cbe5ae elementor-widget-divider--view-line elementor-widget elementor-widget-divider\" data-id=\"5cbe5ae\" data-element_type=\"widget\" data-e-type=\"widget\" data-widget_type=\"divider.default\">\n\t\t\t\t<div class=\"elementor-widget-container\">\n\t\t\t\t\t\t\t<div class=\"elementor-divider\">\n\t\t\t<span class=\"elementor-divider-separator\">\n\t\t\t\t\t\t<\/span>\n\t\t<\/div>\n\t\t\t\t\t\t<\/div>\n\t\t\t\t<\/div>\n\t\t\t\t\t<\/div>\n\t\t<\/div>\n\t\t\t\t\t<\/div>\n\t\t<\/section>\n\t\t\t\t<section class=\"elementor-section elementor-top-section elementor-element elementor-element-f898220 elementor-section-boxed elementor-section-height-default elementor-section-height-default\" data-id=\"f898220\" data-element_type=\"section\" data-e-type=\"section\">\n\t\t\t\t\t\t<div class=\"elementor-container elementor-column-gap-default\">\n\t\t\t\t\t<div class=\"elementor-column elementor-col-33 elementor-top-column elementor-element elementor-element-b0cbbdd\" data-id=\"b0cbbdd\" data-element_type=\"column\" data-e-type=\"column\">\n\t\t\t<div class=\"elementor-widget-wrap elementor-element-populated\">\n\t\t\t\t\t\t<div class=\"elementor-element elementor-element-47e4ce1 elementor-widget elementor-widget-image\" data-id=\"47e4ce1\" data-element_type=\"widget\" data-e-type=\"widget\" data-widget_type=\"image.default\">\n\t\t\t\t<div class=\"elementor-widget-container\">\n\t\t\t\t\t\t\t\t\t\t\t\t\t\t\t<img decoding=\"async\" width=\"200\" height=\"155\" src=\"https:\/\/www.e-braun.de\/wp-content\/uploads\/2021\/06\/kuehlwasserregelgeraet.jpg\" class=\"attachment-large size-large wp-image-3126\" alt=\"\" srcset=\"https:\/\/www.e-braun.de\/wp-content\/uploads\/2021\/06\/kuehlwasserregelgeraet.jpg 200w, https:\/\/www.e-braun.de\/wp-content\/uploads\/2021\/06\/kuehlwasserregelgeraet-16x12.jpg 16w\" sizes=\"(max-width: 200px) 100vw, 200px\" \/>\t\t\t\t\t\t\t\t\t\t\t\t\t\t\t<\/div>\n\t\t\t\t<\/div>\n\t\t\t\t\t<\/div>\n\t\t<\/div>\n\t\t\t\t<div class=\"elementor-column elementor-col-66 elementor-top-column elementor-element elementor-element-3fdfcf9\" data-id=\"3fdfcf9\" data-element_type=\"column\" data-e-type=\"column\">\n\t\t\t<div class=\"elementor-widget-wrap elementor-element-populated\">\n\t\t\t\t\t\t<div class=\"elementor-element elementor-element-ddb8d14 elementor-widget elementor-widget-heading\" data-id=\"ddb8d14\" data-element_type=\"widget\" data-e-type=\"widget\" data-widget_type=\"heading.default\">\n\t\t\t\t<div class=\"elementor-widget-container\">\n\t\t\t\t\t<h2 class=\"elementor-heading-title elementor-size-default\">Cooling water control unit<\/h2>\t\t\t\t<\/div>\n\t\t\t\t<\/div>\n\t\t\t\t<div class=\"elementor-element elementor-element-5ad9297 elementor-widget elementor-widget-text-editor\" data-id=\"5ad9297\" data-element_type=\"widget\" data-e-type=\"widget\" data-widget_type=\"text-editor.default\">\n\t\t\t\t<div class=\"elementor-widget-container\">\n\t\t\t\t\t\t\t\t\t<ul><li>Constant mould temperature through cooling interval control<\/li><li>Up to four circuits per device<\/li><li>Operating pressure: max. 10 bar<\/li><li>Throughput: Kv value 3.6 m\u00b3\/h<\/li><li>Connections: Inlet and outlet 1\/2 \"<\/li><li>Electrical connection: 230 V \/ 50 Hz<\/li><\/ul>\t\t\t\t\t\t\t\t<\/div>\n\t\t\t\t<\/div>\n\t\t\t\t\t<\/div>\n\t\t<\/div>\n\t\t\t\t\t<\/div>\n\t\t<\/section>\n\t\t\t\t<section class=\"elementor-section elementor-top-section elementor-element elementor-element-d2e31c3 elementor-section-boxed elementor-section-height-default elementor-section-height-default\" data-id=\"d2e31c3\" data-element_type=\"section\" data-e-type=\"section\">\n\t\t\t\t\t\t<div class=\"elementor-container elementor-column-gap-default\">\n\t\t\t\t\t<div class=\"elementor-column elementor-col-100 elementor-top-column elementor-element elementor-element-0b821c6\" data-id=\"0b821c6\" data-element_type=\"column\" data-e-type=\"column\">\n\t\t\t<div class=\"elementor-widget-wrap elementor-element-populated\">\n\t\t\t\t\t\t<div class=\"elementor-element elementor-element-692a2b6 elementor-widget-divider--view-line elementor-widget elementor-widget-divider\" data-id=\"692a2b6\" data-element_type=\"widget\" data-e-type=\"widget\" data-widget_type=\"divider.default\">\n\t\t\t\t<div class=\"elementor-widget-container\">\n\t\t\t\t\t\t\t<div class=\"elementor-divider\">\n\t\t\t<span class=\"elementor-divider-separator\">\n\t\t\t\t\t\t<\/span>\n\t\t<\/div>\n\t\t\t\t\t\t<\/div>\n\t\t\t\t<\/div>\n\t\t\t\t\t<\/div>\n\t\t<\/div>\n\t\t\t\t\t<\/div>\n\t\t<\/section>\n\t\t\t\t<section class=\"elementor-section elementor-top-section elementor-element elementor-element-2e1316a elementor-section-boxed elementor-section-height-default elementor-section-height-default\" data-id=\"2e1316a\" data-element_type=\"section\" data-e-type=\"section\">\n\t\t\t\t\t\t<div class=\"elementor-container elementor-column-gap-default\">\n\t\t\t\t\t<div class=\"elementor-column elementor-col-33 elementor-top-column elementor-element elementor-element-6e9d2aa\" data-id=\"6e9d2aa\" data-element_type=\"column\" data-e-type=\"column\">\n\t\t\t<div class=\"elementor-widget-wrap elementor-element-populated\">\n\t\t\t\t\t\t<div class=\"elementor-element elementor-element-938b4fa elementor-widget elementor-widget-image\" data-id=\"938b4fa\" data-element_type=\"widget\" data-e-type=\"widget\" data-widget_type=\"image.default\">\n\t\t\t\t<div class=\"elementor-widget-container\">\n\t\t\t\t\t\t\t\t\t\t\t\t\t\t\t<img decoding=\"async\" width=\"200\" height=\"178\" src=\"https:\/\/www.e-braun.de\/wp-content\/uploads\/2021\/06\/leckstoppgeraet.jpg\" class=\"attachment-large size-large wp-image-3127\" alt=\"\" srcset=\"https:\/\/www.e-braun.de\/wp-content\/uploads\/2021\/06\/leckstoppgeraet.jpg 200w, https:\/\/www.e-braun.de\/wp-content\/uploads\/2021\/06\/leckstoppgeraet-13x12.jpg 13w\" sizes=\"(max-width: 200px) 100vw, 200px\" \/>\t\t\t\t\t\t\t\t\t\t\t\t\t\t\t<\/div>\n\t\t\t\t<\/div>\n\t\t\t\t\t<\/div>\n\t\t<\/div>\n\t\t\t\t<div class=\"elementor-column elementor-col-66 elementor-top-column elementor-element elementor-element-80869ab\" data-id=\"80869ab\" data-element_type=\"column\" data-e-type=\"column\">\n\t\t\t<div class=\"elementor-widget-wrap elementor-element-populated\">\n\t\t\t\t\t\t<div class=\"elementor-element elementor-element-6e18925 elementor-widget elementor-widget-heading\" data-id=\"6e18925\" data-element_type=\"widget\" data-e-type=\"widget\" data-widget_type=\"heading.default\">\n\t\t\t\t<div class=\"elementor-widget-container\">\n\t\t\t\t\t<h2 class=\"elementor-heading-title elementor-size-default\">Leak-stop device<\/h2>\t\t\t\t<\/div>\n\t\t\t\t<\/div>\n\t\t\t\t<div class=\"elementor-element elementor-element-5135377 elementor-widget elementor-widget-text-editor\" data-id=\"5135377\" data-element_type=\"widget\" data-e-type=\"widget\" data-widget_type=\"text-editor.default\">\n\t\t\t\t<div class=\"elementor-widget-container\">\n\t\t\t\t\t\t\t\t\t<ul><li>If there are leaks on the mould, production can continue without changing<\/li><li>Can be used as a pressure boosting station if the bores in the mould are too small<\/li><li>Display of flow and suction pressure<\/li><\/ul>\t\t\t\t\t\t\t\t<\/div>\n\t\t\t\t<\/div>\n\t\t\t\t\t<\/div>\n\t\t<\/div>\n\t\t\t\t\t<\/div>\n\t\t<\/section>\n\t\t\t\t<section class=\"elementor-section elementor-top-section elementor-element elementor-element-5bfd0b2 elementor-section-boxed elementor-section-height-default elementor-section-height-default\" data-id=\"5bfd0b2\" data-element_type=\"section\" data-e-type=\"section\">\n\t\t\t\t\t\t<div class=\"elementor-container elementor-column-gap-default\">\n\t\t\t\t\t<div class=\"elementor-column elementor-col-100 elementor-top-column elementor-element elementor-element-53703c9\" data-id=\"53703c9\" data-element_type=\"column\" data-e-type=\"column\">\n\t\t\t<div class=\"elementor-widget-wrap elementor-element-populated\">\n\t\t\t\t\t\t<div class=\"elementor-element elementor-element-7121ecf elementor-widget-divider--view-line elementor-widget elementor-widget-divider\" data-id=\"7121ecf\" data-element_type=\"widget\" data-e-type=\"widget\" data-widget_type=\"divider.default\">\n\t\t\t\t<div class=\"elementor-widget-container\">\n\t\t\t\t\t\t\t<div class=\"elementor-divider\">\n\t\t\t<span class=\"elementor-divider-separator\">\n\t\t\t\t\t\t<\/span>\n\t\t<\/div>\n\t\t\t\t\t\t<\/div>\n\t\t\t\t<\/div>\n\t\t\t\t\t<\/div>\n\t\t<\/div>\n\t\t\t\t\t<\/div>\n\t\t<\/section>\n\t\t\t\t<section class=\"elementor-section elementor-top-section elementor-element elementor-element-eee6531 elementor-section-boxed elementor-section-height-default elementor-section-height-default\" data-id=\"eee6531\" data-element_type=\"section\" data-e-type=\"section\">\n\t\t\t\t\t\t<div class=\"elementor-container elementor-column-gap-default\">\n\t\t\t\t\t<div class=\"elementor-column elementor-col-33 elementor-top-column elementor-element elementor-element-c666167\" data-id=\"c666167\" data-element_type=\"column\" data-e-type=\"column\">\n\t\t\t<div class=\"elementor-widget-wrap elementor-element-populated\">\n\t\t\t\t\t\t<div class=\"elementor-element elementor-element-8d08214 elementor-widget elementor-widget-image\" data-id=\"8d08214\" data-element_type=\"widget\" data-e-type=\"widget\" data-widget_type=\"image.default\">\n\t\t\t\t<div class=\"elementor-widget-container\">\n\t\t\t\t\t\t\t\t\t\t\t\t\t\t\t<img loading=\"lazy\" decoding=\"async\" width=\"200\" height=\"200\" src=\"https:\/\/www.e-braun.de\/wp-content\/uploads\/2021\/06\/werkzeugpruefsystem.jpg\" class=\"attachment-large size-large wp-image-3128\" alt=\"\" srcset=\"https:\/\/www.e-braun.de\/wp-content\/uploads\/2021\/06\/werkzeugpruefsystem.jpg 200w, https:\/\/www.e-braun.de\/wp-content\/uploads\/2021\/06\/werkzeugpruefsystem-150x150.jpg 150w, https:\/\/www.e-braun.de\/wp-content\/uploads\/2021\/06\/werkzeugpruefsystem-12x12.jpg 12w\" sizes=\"(max-width: 200px) 100vw, 200px\" \/>\t\t\t\t\t\t\t\t\t\t\t\t\t\t\t<\/div>\n\t\t\t\t<\/div>\n\t\t\t\t\t<\/div>\n\t\t<\/div>\n\t\t\t\t<div class=\"elementor-column elementor-col-66 elementor-top-column elementor-element elementor-element-c8ddfd0\" data-id=\"c8ddfd0\" data-element_type=\"column\" data-e-type=\"column\">\n\t\t\t<div class=\"elementor-widget-wrap elementor-element-populated\">\n\t\t\t\t\t\t<div class=\"elementor-element elementor-element-b3537be elementor-widget elementor-widget-heading\" data-id=\"b3537be\" data-element_type=\"widget\" data-e-type=\"widget\" data-widget_type=\"heading.default\">\n\t\t\t\t<div class=\"elementor-widget-container\">\n\t\t\t\t\t<h2 class=\"elementor-heading-title elementor-size-default\">Mobile mould inspection system<\/h2>\t\t\t\t<\/div>\n\t\t\t\t<\/div>\n\t\t\t\t<div class=\"elementor-element elementor-element-145ebed elementor-widget elementor-widget-text-editor\" data-id=\"145ebed\" data-element_type=\"widget\" data-e-type=\"widget\" data-widget_type=\"text-editor.default\">\n\t\t\t\t<div class=\"elementor-widget-container\">\n\t\t\t\t\t\t\t\t\t<ul><li>Mobile system trolley<\/li><li>Flow measurement (programmable limit value)<\/li><li>Measurement of flow and return pressures at different flow rates<\/li><li>Pressure test up to 10 bar flow pressure<\/li><li>Emptying function<\/li><li>Different connections and distribution variants can be configured<\/li><li>Optional with registration function<\/li><li>Test medium: Water<\/li><\/ul>\t\t\t\t\t\t\t\t<\/div>\n\t\t\t\t<\/div>\n\t\t\t\t\t<\/div>\n\t\t<\/div>\n\t\t\t\t\t<\/div>\n\t\t<\/section>\n\t\t\t\t<\/div>","protected":false},"excerpt":{"rendered":"<p>Zubeh\u00f6r Zus\u00e4tzlich zur Temperiertechnik bieten wir verschiedenste Zubeh\u00f6rger\u00e4te aus den Bereichen Temperierung, K\u00fchlung und Werkzeug. Wir liefern kompakte Durchflussmess- und Pr\u00fcfger\u00e4te aus unserem Standardprogramm sowie auf Ihre Anforderungen zugeschnittene Sonderl\u00f6sungen. Durchflussmesssystem \u00dcberwachung des Durchflusses und des Druckabfalls am Werkzeug Anzeige der Vor- und R\u00fccklauftemperatur Anzeige des Vor- und R\u00fccklaufdrucks Anzeige des aktuellen Durchflusses Alarmleuchte bei [&hellip;]<\/p>\n","protected":false},"author":1,"featured_media":0,"parent":0,"menu_order":5,"comment_status":"closed","ping_status":"closed","template":"elementor_header_footer","meta":{"footnotes":""},"class_list":["post-1663","page","type-page","status-publish","hentry"],"yoast_head":"<!-- This site is optimized with the Yoast SEO plugin v27.4 - https:\/\/yoast.com\/product\/yoast-seo-wordpress\/ -->\n<title>Zubeh\u00f6r - E. Braun GmbH<\/title>\n<meta name=\"robots\" content=\"index, follow, max-snippet:-1, max-image-preview:large, max-video-preview:-1\" \/>\n<link rel=\"canonical\" href=\"https:\/\/www.e-braun.de\/en\/zubehoer\/\" \/>\n<meta property=\"og:locale\" content=\"en_US\" \/>\n<meta property=\"og:type\" content=\"article\" \/>\n<meta property=\"og:title\" content=\"Zubeh\u00f6r - E. Braun GmbH\" \/>\n<meta property=\"og:description\" content=\"Zubeh\u00f6r Zus\u00e4tzlich zur Temperiertechnik bieten wir verschiedenste Zubeh\u00f6rger\u00e4te aus den Bereichen Temperierung, K\u00fchlung und Werkzeug. Wir liefern kompakte Durchflussmess- und Pr\u00fcfger\u00e4te aus unserem Standardprogramm sowie auf Ihre Anforderungen zugeschnittene Sonderl\u00f6sungen. Durchflussmesssystem \u00dcberwachung des Durchflusses und des Druckabfalls am Werkzeug Anzeige der Vor- und R\u00fccklauftemperatur Anzeige des Vor- und R\u00fccklaufdrucks Anzeige des aktuellen Durchflusses Alarmleuchte bei [&hellip;]\" \/>\n<meta property=\"og:url\" content=\"https:\/\/www.e-braun.de\/en\/zubehoer\/\" \/>\n<meta property=\"og:site_name\" content=\"E. Braun GmbH\" \/>\n<meta property=\"article:modified_time\" content=\"2021-06-22T17:04:57+00:00\" \/>\n<meta property=\"og:image\" content=\"https:\/\/www.e-braun.de\/wp-content\/uploads\/2021\/06\/durchflussmesssystem.jpg\" \/>\n<meta name=\"twitter:card\" content=\"summary_large_image\" \/>\n<meta name=\"twitter:label1\" content=\"Est. reading time\" \/>\n\t<meta name=\"twitter:data1\" content=\"2 minutes\" \/>\n<script type=\"application\/ld+json\" class=\"yoast-schema-graph\">{\"@context\":\"https:\\\/\\\/schema.org\",\"@graph\":[{\"@type\":\"WebPage\",\"@id\":\"https:\\\/\\\/www.e-braun.de\\\/zubehoer\\\/\",\"url\":\"https:\\\/\\\/www.e-braun.de\\\/zubehoer\\\/\",\"name\":\"Zubeh\u00f6r - E. Braun GmbH\",\"isPartOf\":{\"@id\":\"https:\\\/\\\/www.e-braun.de\\\/#website\"},\"primaryImageOfPage\":{\"@id\":\"https:\\\/\\\/www.e-braun.de\\\/zubehoer\\\/#primaryimage\"},\"image\":{\"@id\":\"https:\\\/\\\/www.e-braun.de\\\/zubehoer\\\/#primaryimage\"},\"thumbnailUrl\":\"https:\\\/\\\/www.e-braun.de\\\/wp-content\\\/uploads\\\/2021\\\/06\\\/durchflussmesssystem.jpg\",\"datePublished\":\"2021-04-27T17:17:42+00:00\",\"dateModified\":\"2021-06-22T17:04:57+00:00\",\"breadcrumb\":{\"@id\":\"https:\\\/\\\/www.e-braun.de\\\/zubehoer\\\/#breadcrumb\"},\"inLanguage\":\"en-US\",\"potentialAction\":[{\"@type\":\"ReadAction\",\"target\":[\"https:\\\/\\\/www.e-braun.de\\\/zubehoer\\\/\"]}]},{\"@type\":\"ImageObject\",\"inLanguage\":\"en-US\",\"@id\":\"https:\\\/\\\/www.e-braun.de\\\/zubehoer\\\/#primaryimage\",\"url\":\"https:\\\/\\\/www.e-braun.de\\\/wp-content\\\/uploads\\\/2021\\\/06\\\/durchflussmesssystem.jpg\",\"contentUrl\":\"https:\\\/\\\/www.e-braun.de\\\/wp-content\\\/uploads\\\/2021\\\/06\\\/durchflussmesssystem.jpg\"},{\"@type\":\"BreadcrumbList\",\"@id\":\"https:\\\/\\\/www.e-braun.de\\\/zubehoer\\\/#breadcrumb\",\"itemListElement\":[{\"@type\":\"ListItem\",\"position\":1,\"name\":\"Startseite\",\"item\":\"https:\\\/\\\/www.e-braun.de\\\/\"},{\"@type\":\"ListItem\",\"position\":2,\"name\":\"Zubeh\u00f6r\"}]},{\"@type\":\"WebSite\",\"@id\":\"https:\\\/\\\/www.e-braun.de\\\/#website\",\"url\":\"https:\\\/\\\/www.e-braun.de\\\/\",\"name\":\"E. Braun GmbH\",\"description\":\"Entwicklung und Vertrieb von technischem Zubeh\u00f6r\",\"potentialAction\":[{\"@type\":\"SearchAction\",\"target\":{\"@type\":\"EntryPoint\",\"urlTemplate\":\"https:\\\/\\\/www.e-braun.de\\\/?s={search_term_string}\"},\"query-input\":{\"@type\":\"PropertyValueSpecification\",\"valueRequired\":true,\"valueName\":\"search_term_string\"}}],\"inLanguage\":\"en-US\"}]}<\/script>\n<!-- \/ Yoast SEO plugin. -->","yoast_head_json":{"title":"Zubeh\u00f6r - E. Braun GmbH","robots":{"index":"index","follow":"follow","max-snippet":"max-snippet:-1","max-image-preview":"max-image-preview:large","max-video-preview":"max-video-preview:-1"},"canonical":"https:\/\/www.e-braun.de\/en\/zubehoer\/","og_locale":"en_US","og_type":"article","og_title":"Zubeh\u00f6r - E. Braun GmbH","og_description":"Zubeh\u00f6r Zus\u00e4tzlich zur Temperiertechnik bieten wir verschiedenste Zubeh\u00f6rger\u00e4te aus den Bereichen Temperierung, K\u00fchlung und Werkzeug. Wir liefern kompakte Durchflussmess- und Pr\u00fcfger\u00e4te aus unserem Standardprogramm sowie auf Ihre Anforderungen zugeschnittene Sonderl\u00f6sungen. Durchflussmesssystem \u00dcberwachung des Durchflusses und des Druckabfalls am Werkzeug Anzeige der Vor- und R\u00fccklauftemperatur Anzeige des Vor- und R\u00fccklaufdrucks Anzeige des aktuellen Durchflusses Alarmleuchte bei [&hellip;]","og_url":"https:\/\/www.e-braun.de\/en\/zubehoer\/","og_site_name":"E. Braun GmbH","article_modified_time":"2021-06-22T17:04:57+00:00","og_image":[{"url":"https:\/\/www.e-braun.de\/wp-content\/uploads\/2021\/06\/durchflussmesssystem.jpg","type":"","width":"","height":""}],"twitter_card":"summary_large_image","twitter_misc":{"Est. reading time":"2 minutes"},"schema":{"@context":"https:\/\/schema.org","@graph":[{"@type":"WebPage","@id":"https:\/\/www.e-braun.de\/zubehoer\/","url":"https:\/\/www.e-braun.de\/zubehoer\/","name":"Zubeh\u00f6r - E. Braun GmbH","isPartOf":{"@id":"https:\/\/www.e-braun.de\/#website"},"primaryImageOfPage":{"@id":"https:\/\/www.e-braun.de\/zubehoer\/#primaryimage"},"image":{"@id":"https:\/\/www.e-braun.de\/zubehoer\/#primaryimage"},"thumbnailUrl":"https:\/\/www.e-braun.de\/wp-content\/uploads\/2021\/06\/durchflussmesssystem.jpg","datePublished":"2021-04-27T17:17:42+00:00","dateModified":"2021-06-22T17:04:57+00:00","breadcrumb":{"@id":"https:\/\/www.e-braun.de\/zubehoer\/#breadcrumb"},"inLanguage":"en-US","potentialAction":[{"@type":"ReadAction","target":["https:\/\/www.e-braun.de\/zubehoer\/"]}]},{"@type":"ImageObject","inLanguage":"en-US","@id":"https:\/\/www.e-braun.de\/zubehoer\/#primaryimage","url":"https:\/\/www.e-braun.de\/wp-content\/uploads\/2021\/06\/durchflussmesssystem.jpg","contentUrl":"https:\/\/www.e-braun.de\/wp-content\/uploads\/2021\/06\/durchflussmesssystem.jpg"},{"@type":"BreadcrumbList","@id":"https:\/\/www.e-braun.de\/zubehoer\/#breadcrumb","itemListElement":[{"@type":"ListItem","position":1,"name":"Startseite","item":"https:\/\/www.e-braun.de\/"},{"@type":"ListItem","position":2,"name":"Zubeh\u00f6r"}]},{"@type":"WebSite","@id":"https:\/\/www.e-braun.de\/#website","url":"https:\/\/www.e-braun.de\/","name":"E. Braun GmbH","description":"Entwicklung und Vertrieb von technischem Zubeh\u00f6r","potentialAction":[{"@type":"SearchAction","target":{"@type":"EntryPoint","urlTemplate":"https:\/\/www.e-braun.de\/?s={search_term_string}"},"query-input":{"@type":"PropertyValueSpecification","valueRequired":true,"valueName":"search_term_string"}}],"inLanguage":"en-US"}]}},"_links":{"self":[{"href":"https:\/\/www.e-braun.de\/en\/wp-json\/wp\/v2\/pages\/1663","targetHints":{"allow":["GET"]}}],"collection":[{"href":"https:\/\/www.e-braun.de\/en\/wp-json\/wp\/v2\/pages"}],"about":[{"href":"https:\/\/www.e-braun.de\/en\/wp-json\/wp\/v2\/types\/page"}],"author":[{"embeddable":true,"href":"https:\/\/www.e-braun.de\/en\/wp-json\/wp\/v2\/users\/1"}],"replies":[{"embeddable":true,"href":"https:\/\/www.e-braun.de\/en\/wp-json\/wp\/v2\/comments?post=1663"}],"version-history":[{"count":16,"href":"https:\/\/www.e-braun.de\/en\/wp-json\/wp\/v2\/pages\/1663\/revisions"}],"predecessor-version":[{"id":3138,"href":"https:\/\/www.e-braun.de\/en\/wp-json\/wp\/v2\/pages\/1663\/revisions\/3138"}],"wp:attachment":[{"href":"https:\/\/www.e-braun.de\/en\/wp-json\/wp\/v2\/media?parent=1663"}],"curies":[{"name":"wp","href":"https:\/\/api.w.org\/{rel}","templated":true}]}}