{"id":146,"date":"2021-04-25T19:47:51","date_gmt":"2021-04-25T17:47:51","guid":{"rendered":"https:\/\/e-braun.de\/?page_id=146"},"modified":"2021-06-22T16:20:39","modified_gmt":"2021-06-22T14:20:39","slug":"impressum","status":"publish","type":"page","link":"https:\/\/www.e-braun.de\/en\/impressum\/","title":{"rendered":"Legal notice"},"content":{"rendered":"<div data-elementor-type=\"wp-page\" data-elementor-id=\"146\" class=\"elementor elementor-146\" data-elementor-post-type=\"page\">\n\t\t\t\t\t\t<section class=\"elementor-section elementor-top-section elementor-element elementor-element-4b14ca5 elementor-section-full_width elementor-section-height-default elementor-section-height-default\" data-id=\"4b14ca5\" data-element_type=\"section\" data-e-type=\"section\">\n\t\t\t\t\t\t<div class=\"elementor-container elementor-column-gap-no\">\n\t\t\t\t\t<div class=\"elementor-column elementor-col-100 elementor-top-column elementor-element elementor-element-4c25bb9\" data-id=\"4c25bb9\" data-element_type=\"column\" data-e-type=\"column\">\n\t\t\t<div class=\"elementor-widget-wrap elementor-element-populated\">\n\t\t\t\t\t\t<div class=\"elementor-element elementor-element-6fd756d elementor-absolute elementor-widget__width-auto elementor-hidden-tablet elementor-hidden-phone elementor-widget elementor-widget-image\" data-id=\"6fd756d\" data-element_type=\"widget\" data-e-type=\"widget\" data-settings=\"{&quot;_position&quot;:&quot;absolute&quot;}\" data-widget_type=\"image.default\">\n\t\t\t\t<div class=\"elementor-widget-container\">\n\t\t\t\t\t\t\t\t\t\t\t\t\t\t\t<img decoding=\"async\" width=\"100\" height=\"115\" src=\"https:\/\/www.e-braun.de\/wp-content\/uploads\/2021\/04\/braun_key_left_black.svg\" class=\"attachment-large size-large wp-image-190\" alt=\"\" \/>\t\t\t\t\t\t\t\t\t\t\t\t\t\t\t<\/div>\n\t\t\t\t<\/div>\n\t\t\t\t<section class=\"elementor-section elementor-inner-section elementor-element elementor-element-280c341 elementor-section-boxed elementor-section-height-default elementor-section-height-default\" data-id=\"280c341\" data-element_type=\"section\" data-e-type=\"section\">\n\t\t\t\t\t\t<div class=\"elementor-container elementor-column-gap-default\">\n\t\t\t\t\t<div class=\"elementor-column elementor-col-33 elementor-inner-column elementor-element elementor-element-b43163e\" data-id=\"b43163e\" data-element_type=\"column\" data-e-type=\"column\">\n\t\t\t<div class=\"elementor-widget-wrap elementor-element-populated\">\n\t\t\t\t\t\t<div class=\"elementor-element elementor-element-5559c1e elementor-widget elementor-widget-heading\" data-id=\"5559c1e\" data-element_type=\"widget\" data-e-type=\"widget\" data-widget_type=\"heading.default\">\n\t\t\t\t<div class=\"elementor-widget-container\">\n\t\t\t\t\t<h1 class=\"elementor-heading-title elementor-size-default\">Legal notice<\/h1>\t\t\t\t<\/div>\n\t\t\t\t<\/div>\n\t\t\t\t<div class=\"elementor-element elementor-element-5061d90 elementor-widget elementor-widget-text-editor\" data-id=\"5061d90\" data-element_type=\"widget\" data-e-type=\"widget\" data-widget_type=\"text-editor.default\">\n\t\t\t\t<div class=\"elementor-widget-container\">\n\t\t\t\t\t\t\t\t\t<p><span style=\"font-weight: bold;\">E. Braun GmbH<\/span><br \/>Entwicklung und Vertrieb von<br \/>technischem Zubeh\u00f6r<br \/>Am Markt 1<br \/>91126 Kammerstein<\/p><p>Fon: +49 9122 874 97-0<br \/>Fax: +49 9122 874 97-10<br \/>Mail: anfrage@e-braun.de<br \/>Vertretungsberechtiger Gesch\u00e4ftsf\u00fchrer<br \/>Andreas Braun<\/p><p>Registergericht: Amtsgericht N\u00fcrnberg<br \/>Registernummer: HRB 4133<br \/>USt-IdNr.: DE 133 511 544<\/p>\t\t\t\t\t\t\t\t<\/div>\n\t\t\t\t<\/div>\n\t\t\t\t\t<\/div>\n\t\t<\/div>\n\t\t\t\t<div class=\"elementor-column elementor-col-66 elementor-inner-column elementor-element elementor-element-25dbe33 elementor-hidden-tablet elementor-hidden-phone\" data-id=\"25dbe33\" data-element_type=\"column\" data-e-type=\"column\">\n\t\t\t<div class=\"elementor-widget-wrap\">\n\t\t\t\t\t\t\t<\/div>\n\t\t<\/div>\n\t\t\t\t\t<\/div>\n\t\t<\/section>\n\t\t\t\t\t<\/div>\n\t\t<\/div>\n\t\t\t\t\t<\/div>\n\t\t<\/section>\n\t\t\t\t<section class=\"elementor-section elementor-top-section elementor-element elementor-element-b756069 elementor-section-boxed elementor-section-height-default elementor-section-height-default\" data-id=\"b756069\" data-element_type=\"section\" data-e-type=\"section\">\n\t\t\t\t\t\t<div class=\"elementor-container elementor-column-gap-default\">\n\t\t\t\t\t<div class=\"elementor-column elementor-col-33 elementor-top-column elementor-element elementor-element-d348e06\" data-id=\"d348e06\" data-element_type=\"column\" data-e-type=\"column\">\n\t\t\t<div class=\"elementor-widget-wrap\">\n\t\t\t\t\t\t\t<\/div>\n\t\t<\/div>\n\t\t\t\t<div class=\"elementor-column elementor-col-66 elementor-top-column elementor-element elementor-element-d5c7516\" data-id=\"d5c7516\" data-element_type=\"column\" data-e-type=\"column\">\n\t\t\t<div class=\"elementor-widget-wrap elementor-element-populated\">\n\t\t\t\t\t\t<div class=\"elementor-element elementor-element-e72fe58 elementor-widget elementor-widget-heading\" data-id=\"e72fe58\" data-element_type=\"widget\" data-e-type=\"widget\" data-widget_type=\"heading.default\">\n\t\t\t\t<div class=\"elementor-widget-container\">\n\t\t\t\t\t<h3 class=\"elementor-heading-title elementor-size-default\">Haftungshinweise<\/h3>\t\t\t\t<\/div>\n\t\t\t\t<\/div>\n\t\t\t\t<div class=\"elementor-element elementor-element-52e5783 elementor-widget elementor-widget-text-editor\" data-id=\"52e5783\" data-element_type=\"widget\" data-e-type=\"widget\" data-widget_type=\"text-editor.default\">\n\t\t\t\t<div class=\"elementor-widget-container\">\n\t\t\t\t\t\t\t\t\t<p>Trotz sorgf\u00e4ltiger inhaltlicher Kontrolle \u00fcbernehmen wir keine Haftung f\u00fcr die Inhalte externer Links. F\u00fcr den Inhalt der verlinkten Seiten sind ausschlie\u00dflich deren Betreiber verantwortlich.<\/p><p>Alle genannten Marken, Warenzeichen, Logos, etc. sind Eigentum der jeweiligen Inhaber. Ein Fehlen entsprechender Hinweise bedeutet nicht, da\u00df ein Zeichen oder die Ware frei ist.<\/p><p>Kein Teil dieser Website darf ohne schriftliche Einwilligung von E. Braun GmbH in irgendeiner Form reproduziert oder unter Verwendung elektronischer Systeme verarbeitet werden.<\/p><p>Alle Rechte, \u00c4nderungen und Irrt\u00fcmer vorbehalten.<\/p>\t\t\t\t\t\t\t\t<\/div>\n\t\t\t\t<\/div>\n\t\t\t\t\t<\/div>\n\t\t<\/div>\n\t\t\t\t\t<\/div>\n\t\t<\/section>\n\t\t\t\t<\/div>","protected":false},"excerpt":{"rendered":"<p>Impressum E. Braun GmbHEntwicklung und Vertrieb vontechnischem Zubeh\u00f6rAm Markt 191126 Kammerstein Fon: +49 9122 874 97-0Fax: +49 9122 874 97-10Mail: anfrage@e-braun.deVertretungsberechtiger Gesch\u00e4ftsf\u00fchrerAndreas Braun Registergericht: Amtsgericht N\u00fcrnbergRegisternummer: HRB 4133USt-IdNr.: DE 133 511 544 Haftungshinweise Trotz sorgf\u00e4ltiger inhaltlicher Kontrolle \u00fcbernehmen wir keine Haftung f\u00fcr die Inhalte externer Links. F\u00fcr den Inhalt der verlinkten Seiten sind ausschlie\u00dflich deren [&hellip;]<\/p>\n","protected":false},"author":1,"featured_media":0,"parent":0,"menu_order":7,"comment_status":"closed","ping_status":"closed","template":"elementor_header_footer","meta":{"footnotes":""},"class_list":["post-146","page","type-page","status-publish","hentry"],"yoast_head":"<!-- This site is optimized with the Yoast SEO plugin v27.4 - https:\/\/yoast.com\/product\/yoast-seo-wordpress\/ -->\n<title>Impressum - E. Braun GmbH<\/title>\n<meta name=\"robots\" content=\"index, follow, max-snippet:-1, max-image-preview:large, max-video-preview:-1\" \/>\n<link rel=\"canonical\" href=\"https:\/\/www.e-braun.de\/en\/impressum\/\" \/>\n<meta property=\"og:locale\" content=\"en_US\" \/>\n<meta property=\"og:type\" content=\"article\" \/>\n<meta property=\"og:title\" content=\"Impressum - E. Braun GmbH\" \/>\n<meta property=\"og:description\" content=\"Impressum E. Braun GmbHEntwicklung und Vertrieb vontechnischem Zubeh\u00f6rAm Markt 191126 Kammerstein Fon: +49 9122 874 97-0Fax: +49 9122 874 97-10Mail: anfrage@e-braun.deVertretungsberechtiger Gesch\u00e4ftsf\u00fchrerAndreas Braun Registergericht: Amtsgericht N\u00fcrnbergRegisternummer: HRB 4133USt-IdNr.: DE 133 511 544 Haftungshinweise Trotz sorgf\u00e4ltiger inhaltlicher Kontrolle \u00fcbernehmen wir keine Haftung f\u00fcr die Inhalte externer Links. F\u00fcr den Inhalt der verlinkten Seiten sind ausschlie\u00dflich deren [&hellip;]\" \/>\n<meta property=\"og:url\" content=\"https:\/\/www.e-braun.de\/en\/impressum\/\" \/>\n<meta property=\"og:site_name\" content=\"E. Braun GmbH\" \/>\n<meta property=\"article:modified_time\" content=\"2021-06-22T14:20:39+00:00\" \/>\n<meta property=\"og:image\" content=\"https:\/\/www.e-braun.de\/wp-content\/uploads\/2021\/04\/braun_key_left_black.svg\" \/>\n<meta name=\"twitter:card\" content=\"summary_large_image\" \/>\n<meta name=\"twitter:label1\" content=\"Est. reading time\" \/>\n\t<meta name=\"twitter:data1\" content=\"1 minute\" \/>\n<script type=\"application\/ld+json\" class=\"yoast-schema-graph\">{\"@context\":\"https:\\\/\\\/schema.org\",\"@graph\":[{\"@type\":\"WebPage\",\"@id\":\"https:\\\/\\\/www.e-braun.de\\\/impressum\\\/\",\"url\":\"https:\\\/\\\/www.e-braun.de\\\/impressum\\\/\",\"name\":\"Impressum - E. Braun GmbH\",\"isPartOf\":{\"@id\":\"https:\\\/\\\/www.e-braun.de\\\/#website\"},\"primaryImageOfPage\":{\"@id\":\"https:\\\/\\\/www.e-braun.de\\\/impressum\\\/#primaryimage\"},\"image\":{\"@id\":\"https:\\\/\\\/www.e-braun.de\\\/impressum\\\/#primaryimage\"},\"thumbnailUrl\":\"https:\\\/\\\/www.e-braun.de\\\/wp-content\\\/uploads\\\/2021\\\/04\\\/braun_key_left_black.svg\",\"datePublished\":\"2021-04-25T17:47:51+00:00\",\"dateModified\":\"2021-06-22T14:20:39+00:00\",\"breadcrumb\":{\"@id\":\"https:\\\/\\\/www.e-braun.de\\\/impressum\\\/#breadcrumb\"},\"inLanguage\":\"en-US\",\"potentialAction\":[{\"@type\":\"ReadAction\",\"target\":[\"https:\\\/\\\/www.e-braun.de\\\/impressum\\\/\"]}]},{\"@type\":\"ImageObject\",\"inLanguage\":\"en-US\",\"@id\":\"https:\\\/\\\/www.e-braun.de\\\/impressum\\\/#primaryimage\",\"url\":\"https:\\\/\\\/www.e-braun.de\\\/wp-content\\\/uploads\\\/2021\\\/04\\\/braun_key_left_black.svg\",\"contentUrl\":\"https:\\\/\\\/www.e-braun.de\\\/wp-content\\\/uploads\\\/2021\\\/04\\\/braun_key_left_black.svg\"},{\"@type\":\"BreadcrumbList\",\"@id\":\"https:\\\/\\\/www.e-braun.de\\\/impressum\\\/#breadcrumb\",\"itemListElement\":[{\"@type\":\"ListItem\",\"position\":1,\"name\":\"Startseite\",\"item\":\"https:\\\/\\\/www.e-braun.de\\\/\"},{\"@type\":\"ListItem\",\"position\":2,\"name\":\"Impressum\"}]},{\"@type\":\"WebSite\",\"@id\":\"https:\\\/\\\/www.e-braun.de\\\/#website\",\"url\":\"https:\\\/\\\/www.e-braun.de\\\/\",\"name\":\"E. Braun GmbH\",\"description\":\"Entwicklung und Vertrieb von technischem Zubeh\u00f6r\",\"potentialAction\":[{\"@type\":\"SearchAction\",\"target\":{\"@type\":\"EntryPoint\",\"urlTemplate\":\"https:\\\/\\\/www.e-braun.de\\\/?s={search_term_string}\"},\"query-input\":{\"@type\":\"PropertyValueSpecification\",\"valueRequired\":true,\"valueName\":\"search_term_string\"}}],\"inLanguage\":\"en-US\"}]}<\/script>\n<!-- \/ Yoast SEO plugin. -->","yoast_head_json":{"title":"Impressum - E. Braun GmbH","robots":{"index":"index","follow":"follow","max-snippet":"max-snippet:-1","max-image-preview":"max-image-preview:large","max-video-preview":"max-video-preview:-1"},"canonical":"https:\/\/www.e-braun.de\/en\/impressum\/","og_locale":"en_US","og_type":"article","og_title":"Impressum - E. Braun GmbH","og_description":"Impressum E. Braun GmbHEntwicklung und Vertrieb vontechnischem Zubeh\u00f6rAm Markt 191126 Kammerstein Fon: +49 9122 874 97-0Fax: +49 9122 874 97-10Mail: anfrage@e-braun.deVertretungsberechtiger Gesch\u00e4ftsf\u00fchrerAndreas Braun Registergericht: Amtsgericht N\u00fcrnbergRegisternummer: HRB 4133USt-IdNr.: DE 133 511 544 Haftungshinweise Trotz sorgf\u00e4ltiger inhaltlicher Kontrolle \u00fcbernehmen wir keine Haftung f\u00fcr die Inhalte externer Links. F\u00fcr den Inhalt der verlinkten Seiten sind ausschlie\u00dflich deren [&hellip;]","og_url":"https:\/\/www.e-braun.de\/en\/impressum\/","og_site_name":"E. Braun GmbH","article_modified_time":"2021-06-22T14:20:39+00:00","og_image":[{"url":"https:\/\/www.e-braun.de\/wp-content\/uploads\/2021\/04\/braun_key_left_black.svg","type":"","width":"","height":""}],"twitter_card":"summary_large_image","twitter_misc":{"Est. reading time":"1 minute"},"schema":{"@context":"https:\/\/schema.org","@graph":[{"@type":"WebPage","@id":"https:\/\/www.e-braun.de\/impressum\/","url":"https:\/\/www.e-braun.de\/impressum\/","name":"Impressum - E. Braun GmbH","isPartOf":{"@id":"https:\/\/www.e-braun.de\/#website"},"primaryImageOfPage":{"@id":"https:\/\/www.e-braun.de\/impressum\/#primaryimage"},"image":{"@id":"https:\/\/www.e-braun.de\/impressum\/#primaryimage"},"thumbnailUrl":"https:\/\/www.e-braun.de\/wp-content\/uploads\/2021\/04\/braun_key_left_black.svg","datePublished":"2021-04-25T17:47:51+00:00","dateModified":"2021-06-22T14:20:39+00:00","breadcrumb":{"@id":"https:\/\/www.e-braun.de\/impressum\/#breadcrumb"},"inLanguage":"en-US","potentialAction":[{"@type":"ReadAction","target":["https:\/\/www.e-braun.de\/impressum\/"]}]},{"@type":"ImageObject","inLanguage":"en-US","@id":"https:\/\/www.e-braun.de\/impressum\/#primaryimage","url":"https:\/\/www.e-braun.de\/wp-content\/uploads\/2021\/04\/braun_key_left_black.svg","contentUrl":"https:\/\/www.e-braun.de\/wp-content\/uploads\/2021\/04\/braun_key_left_black.svg"},{"@type":"BreadcrumbList","@id":"https:\/\/www.e-braun.de\/impressum\/#breadcrumb","itemListElement":[{"@type":"ListItem","position":1,"name":"Startseite","item":"https:\/\/www.e-braun.de\/"},{"@type":"ListItem","position":2,"name":"Impressum"}]},{"@type":"WebSite","@id":"https:\/\/www.e-braun.de\/#website","url":"https:\/\/www.e-braun.de\/","name":"E. Braun GmbH","description":"Entwicklung und Vertrieb von technischem Zubeh\u00f6r","potentialAction":[{"@type":"SearchAction","target":{"@type":"EntryPoint","urlTemplate":"https:\/\/www.e-braun.de\/?s={search_term_string}"},"query-input":{"@type":"PropertyValueSpecification","valueRequired":true,"valueName":"search_term_string"}}],"inLanguage":"en-US"}]}},"_links":{"self":[{"href":"https:\/\/www.e-braun.de\/en\/wp-json\/wp\/v2\/pages\/146","targetHints":{"allow":["GET"]}}],"collection":[{"href":"https:\/\/www.e-braun.de\/en\/wp-json\/wp\/v2\/pages"}],"about":[{"href":"https:\/\/www.e-braun.de\/en\/wp-json\/wp\/v2\/types\/page"}],"author":[{"embeddable":true,"href":"https:\/\/www.e-braun.de\/en\/wp-json\/wp\/v2\/users\/1"}],"replies":[{"embeddable":true,"href":"https:\/\/www.e-braun.de\/en\/wp-json\/wp\/v2\/comments?post=146"}],"version-history":[{"count":88,"href":"https:\/\/www.e-braun.de\/en\/wp-json\/wp\/v2\/pages\/146\/revisions"}],"predecessor-version":[{"id":1353,"href":"https:\/\/www.e-braun.de\/en\/wp-json\/wp\/v2\/pages\/146\/revisions\/1353"}],"wp:attachment":[{"href":"https:\/\/www.e-braun.de\/en\/wp-json\/wp\/v2\/media?parent=146"}],"curies":[{"name":"wp","href":"https:\/\/api.w.org\/{rel}","templated":true}]}}